{"id":944,"date":"2024-01-27T14:13:55","date_gmt":"2024-01-27T14:13:55","guid":{"rendered":"https:\/\/nicofishing.fi\/?post_type=product&#038;p=944"},"modified":"2025-04-22T00:00:11","modified_gmt":"2025-04-22T00:00:11","slug":"minna-morri","status":"publish","type":"product","link":"https:\/\/nicofishing.fi\/?product=minna-morri","title":{"rendered":"Minna morri"},"content":{"rendered":"<p>Tuulisj\u00e4rven kalastajamimmin Minna Saramon kanssa yhteisty\u00f6ss\u00e4 suunniteltu ja toteutettu. 5.5mm wolfram kuulalla nro.10 Kamasan koukulla k\u00e4sity\u00f6n\u00e4 valmistettu. Erityisesti raudut ovat t\u00e4st\u00e4 tyk\u00e4nneet,mutta maistuu my\u00f6s ahvenelle ja kirjolohelle. 2 versiota eli discokuula ja sile\u00e4 kuula.<\/p>\n","protected":false},"excerpt":{"rendered":"<p>Tuulisj\u00e4rven kalastajamimmin Minna Saramon kanssa yhteisty\u00f6ss\u00e4 suunniteltu ja toteutettu. 5.5mm wolfram kuulalla nro.10 Kamasan koukulla k\u00e4sity\u00f6n\u00e4 valmistettu. Erityisesti raudut ovat t\u00e4st\u00e4 tyk\u00e4nneet,mutta maistuu my\u00f6s ahvenelle ja kirjolohelle. 2 versiota eli discokuula ja sile\u00e4 kuula.<\/p>\n","protected":false},"featured_media":943,"comment_status":"open","ping_status":"closed","template":"","meta":[],"product_brand":[],"product_cat":[18],"product_tag":[],"class_list":{"0":"post-944","1":"product","2":"type-product","3":"status-publish","4":"has-post-thumbnail","6":"product_cat-nico-morrit","8":"first","9":"instock","10":"taxable","11":"shipping-taxable","12":"purchasable","13":"product-type-simple"},"jetpack-related-posts":[],"jetpack_sharing_enabled":true,"_links":{"self":[{"href":"https:\/\/nicofishing.fi\/index.php?rest_route=\/wp\/v2\/product\/944","targetHints":{"allow":["GET"]}}],"collection":[{"href":"https:\/\/nicofishing.fi\/index.php?rest_route=\/wp\/v2\/product"}],"about":[{"href":"https:\/\/nicofishing.fi\/index.php?rest_route=\/wp\/v2\/types\/product"}],"replies":[{"embeddable":true,"href":"https:\/\/nicofishing.fi\/index.php?rest_route=%2Fwp%2Fv2%2Fcomments&post=944"}],"wp:featuredmedia":[{"embeddable":true,"href":"https:\/\/nicofishing.fi\/index.php?rest_route=\/wp\/v2\/media\/943"}],"wp:attachment":[{"href":"https:\/\/nicofishing.fi\/index.php?rest_route=%2Fwp%2Fv2%2Fmedia&parent=944"}],"wp:term":[{"taxonomy":"product_brand","embeddable":true,"href":"https:\/\/nicofishing.fi\/index.php?rest_route=%2Fwp%2Fv2%2Fproduct_brand&post=944"},{"taxonomy":"product_cat","embeddable":true,"href":"https:\/\/nicofishing.fi\/index.php?rest_route=%2Fwp%2Fv2%2Fproduct_cat&post=944"},{"taxonomy":"product_tag","embeddable":true,"href":"https:\/\/nicofishing.fi\/index.php?rest_route=%2Fwp%2Fv2%2Fproduct_tag&post=944"}],"curies":[{"name":"wp","href":"https:\/\/api.w.org\/{rel}","templated":true}]}}