{"id":930,"date":"2024-01-08T14:37:46","date_gmt":"2024-01-08T14:37:46","guid":{"rendered":"https:\/\/nicofishing.fi\/?product=kaamosajan-ykkoset"},"modified":"2026-03-07T06:14:21","modified_gmt":"2026-03-07T06:14:21","slug":"kaamosajan-ykkoset","status":"publish","type":"product","link":"https:\/\/nicofishing.fi\/?product=kaamosajan-ykkoset","title":{"rendered":"Kaamosajan ykk\u00f6set"},"content":{"rendered":"<p>Setti sis\u00e4lt\u00e4\u00e4 18 erilaista fosfori kuulaista volfram morria Kamasanin huippukoukulla eriv\u00e4risill\u00e4 m\u00e4tikauluksilla.<\/p>\n<p>Ylin rivi 6.3mm kuula,numeron 6 koukku<\/p>\n<p>Keskimm\u00e4inen rivi 5.5mm kuula,numeron 10 koukku<\/p>\n<p>Alin rivi 4mm kuula,numeron 12 koukku<\/p>\n","protected":false},"excerpt":{"rendered":"<p>Setti sis\u00e4lt\u00e4\u00e4 18 erilaista fosfori kuulaista volfram morria Kamasanin huippukoukulla eriv\u00e4risill\u00e4 m\u00e4tikauluksilla. Ylin rivi 6.3mm kuula,numeron 6 koukku Keskimm\u00e4inen rivi 5.5mm kuula,numeron 10 koukku Alin rivi 4mm kuula,numeron 12 koukku<\/p>\n","protected":false},"featured_media":929,"comment_status":"open","ping_status":"closed","template":"","meta":[],"product_brand":[],"product_cat":[18],"product_tag":[],"class_list":{"0":"post-930","1":"product","2":"type-product","3":"status-publish","4":"has-post-thumbnail","6":"product_cat-nico-morrit","8":"first","9":"outofstock","10":"taxable","11":"shipping-taxable","12":"purchasable","13":"product-type-simple"},"jetpack-related-posts":[],"jetpack_sharing_enabled":true,"_links":{"self":[{"href":"https:\/\/nicofishing.fi\/index.php?rest_route=\/wp\/v2\/product\/930","targetHints":{"allow":["GET"]}}],"collection":[{"href":"https:\/\/nicofishing.fi\/index.php?rest_route=\/wp\/v2\/product"}],"about":[{"href":"https:\/\/nicofishing.fi\/index.php?rest_route=\/wp\/v2\/types\/product"}],"replies":[{"embeddable":true,"href":"https:\/\/nicofishing.fi\/index.php?rest_route=%2Fwp%2Fv2%2Fcomments&post=930"}],"wp:featuredmedia":[{"embeddable":true,"href":"https:\/\/nicofishing.fi\/index.php?rest_route=\/wp\/v2\/media\/929"}],"wp:attachment":[{"href":"https:\/\/nicofishing.fi\/index.php?rest_route=%2Fwp%2Fv2%2Fmedia&parent=930"}],"wp:term":[{"taxonomy":"product_brand","embeddable":true,"href":"https:\/\/nicofishing.fi\/index.php?rest_route=%2Fwp%2Fv2%2Fproduct_brand&post=930"},{"taxonomy":"product_cat","embeddable":true,"href":"https:\/\/nicofishing.fi\/index.php?rest_route=%2Fwp%2Fv2%2Fproduct_cat&post=930"},{"taxonomy":"product_tag","embeddable":true,"href":"https:\/\/nicofishing.fi\/index.php?rest_route=%2Fwp%2Fv2%2Fproduct_tag&post=930"}],"curies":[{"name":"wp","href":"https:\/\/api.w.org\/{rel}","templated":true}]}}