{"id":1400,"date":"2026-02-03T08:27:30","date_gmt":"2026-02-03T08:27:30","guid":{"rendered":"https:\/\/nicofishing.fi\/?post_type=product&#038;p=1400"},"modified":"2026-03-15T14:55:41","modified_gmt":"2026-03-15T14:55:41","slug":"leikarillinen-vaihto-led-ronttiin","status":"publish","type":"product","link":"https:\/\/nicofishing.fi\/?product=leikarillinen-vaihto-led-ronttiin","title":{"rendered":"Leikarillinen vaihto led Ronttiin"},"content":{"rendered":"<p>Multicolor (vihre\u00e4,punainen,valkoinen)<\/p>\n<p>Nopea vaihtaa vanhan tilalle<\/p>\n<p>Pohjoisen arktisissa vesiss\u00e4 testattu led<\/p>\n<p>Toiminta-aika noin 120h<\/p>\n<p>Aktivoituu veteen laskettaessa,sammuu nostettaessa pois<\/p>\n<p>K\u00e4yt\u00f6n j\u00e4lkeen muista kuivata ja tarkistaa ettei punaiset pinnit ole yhdess\u00e4,n\u00e4in varmistat mahdollisimman pitk\u00e4n toiminta-ajan<\/p>\n","protected":false},"excerpt":{"rendered":"<p>Multicolor (vihre\u00e4,punainen,valkoinen) Nopea vaihtaa vanhan tilalle Pohjoisen arktisissa vesiss\u00e4 testattu led Toiminta-aika noin 120h Aktivoituu veteen laskettaessa,sammuu nostettaessa pois K\u00e4yt\u00f6n j\u00e4lkeen muista kuivata ja tarkistaa ettei punaiset pinnit ole yhdess\u00e4,n\u00e4in varmistat mahdollisimman pitk\u00e4n toiminta-ajan<\/p>\n","protected":false},"featured_media":1399,"comment_status":"open","ping_status":"closed","template":"","meta":[],"product_brand":[],"product_cat":[18],"product_tag":[],"class_list":{"0":"post-1400","1":"product","2":"type-product","3":"status-publish","4":"has-post-thumbnail","6":"product_cat-nico-morrit","8":"first","9":"instock","10":"taxable","11":"shipping-taxable","12":"purchasable","13":"product-type-variable"},"jetpack-related-posts":[],"jetpack_sharing_enabled":true,"_links":{"self":[{"href":"https:\/\/nicofishing.fi\/index.php?rest_route=\/wp\/v2\/product\/1400","targetHints":{"allow":["GET"]}}],"collection":[{"href":"https:\/\/nicofishing.fi\/index.php?rest_route=\/wp\/v2\/product"}],"about":[{"href":"https:\/\/nicofishing.fi\/index.php?rest_route=\/wp\/v2\/types\/product"}],"replies":[{"embeddable":true,"href":"https:\/\/nicofishing.fi\/index.php?rest_route=%2Fwp%2Fv2%2Fcomments&post=1400"}],"wp:featuredmedia":[{"embeddable":true,"href":"https:\/\/nicofishing.fi\/index.php?rest_route=\/wp\/v2\/media\/1399"}],"wp:attachment":[{"href":"https:\/\/nicofishing.fi\/index.php?rest_route=%2Fwp%2Fv2%2Fmedia&parent=1400"}],"wp:term":[{"taxonomy":"product_brand","embeddable":true,"href":"https:\/\/nicofishing.fi\/index.php?rest_route=%2Fwp%2Fv2%2Fproduct_brand&post=1400"},{"taxonomy":"product_cat","embeddable":true,"href":"https:\/\/nicofishing.fi\/index.php?rest_route=%2Fwp%2Fv2%2Fproduct_cat&post=1400"},{"taxonomy":"product_tag","embeddable":true,"href":"https:\/\/nicofishing.fi\/index.php?rest_route=%2Fwp%2Fv2%2Fproduct_tag&post=1400"}],"curies":[{"name":"wp","href":"https:\/\/api.w.org\/{rel}","templated":true}]}}