{"id":1245,"date":"2025-02-27T15:14:01","date_gmt":"2025-02-27T15:14:01","guid":{"rendered":"https:\/\/nicofishing.fi\/?post_type=product&#038;p=1245"},"modified":"2025-03-09T18:19:52","modified_gmt":"2025-03-09T18:19:52","slug":"nico-varikoukku","status":"publish","type":"product","link":"https:\/\/nicofishing.fi\/?product=nico-varikoukku","title":{"rendered":"Nico v\u00e4rikoukku"},"content":{"rendered":"<p>Nico v\u00e4rikoukuissa tarjolla 4 herkullista m\u00e4tiv\u00e4ri\u00e4 iskupisteell\u00e4.Koukku Bkk nro 4. Kirjolohen\/ison kalan pyynniss\u00e4 hyvin toimiva koukku.  T\u00e4m\u00e4 on my\u00f6s Rontin alakoukku.<\/p>\n","protected":false},"excerpt":{"rendered":"<p>Nico v\u00e4rikoukuissa tarjolla 4 herkullista m\u00e4tiv\u00e4ri\u00e4 iskupisteell\u00e4.Koukku Bkk nro 4. Kirjolohen\/ison kalan pyynniss\u00e4 hyvin toimiva koukku. T\u00e4m\u00e4 on my\u00f6s Rontin alakoukku.<\/p>\n","protected":false},"featured_media":1256,"comment_status":"open","ping_status":"closed","template":"","meta":[],"product_brand":[],"product_cat":[18],"product_tag":[],"class_list":{"0":"post-1245","1":"product","2":"type-product","3":"status-publish","4":"has-post-thumbnail","6":"product_cat-nico-morrit","8":"first","9":"instock","10":"taxable","11":"shipping-taxable","12":"purchasable","13":"product-type-variable"},"jetpack-related-posts":[],"jetpack_sharing_enabled":true,"_links":{"self":[{"href":"https:\/\/nicofishing.fi\/index.php?rest_route=\/wp\/v2\/product\/1245","targetHints":{"allow":["GET"]}}],"collection":[{"href":"https:\/\/nicofishing.fi\/index.php?rest_route=\/wp\/v2\/product"}],"about":[{"href":"https:\/\/nicofishing.fi\/index.php?rest_route=\/wp\/v2\/types\/product"}],"replies":[{"embeddable":true,"href":"https:\/\/nicofishing.fi\/index.php?rest_route=%2Fwp%2Fv2%2Fcomments&post=1245"}],"wp:featuredmedia":[{"embeddable":true,"href":"https:\/\/nicofishing.fi\/index.php?rest_route=\/wp\/v2\/media\/1256"}],"wp:attachment":[{"href":"https:\/\/nicofishing.fi\/index.php?rest_route=%2Fwp%2Fv2%2Fmedia&parent=1245"}],"wp:term":[{"taxonomy":"product_brand","embeddable":true,"href":"https:\/\/nicofishing.fi\/index.php?rest_route=%2Fwp%2Fv2%2Fproduct_brand&post=1245"},{"taxonomy":"product_cat","embeddable":true,"href":"https:\/\/nicofishing.fi\/index.php?rest_route=%2Fwp%2Fv2%2Fproduct_cat&post=1245"},{"taxonomy":"product_tag","embeddable":true,"href":"https:\/\/nicofishing.fi\/index.php?rest_route=%2Fwp%2Fv2%2Fproduct_tag&post=1245"}],"curies":[{"name":"wp","href":"https:\/\/api.w.org\/{rel}","templated":true}]}}