{"id":1227,"date":"2025-02-16T16:39:10","date_gmt":"2025-02-16T16:39:10","guid":{"rendered":"https:\/\/nicofishing.fi\/?product=vihree-viettelys"},"modified":"2026-03-21T06:15:14","modified_gmt":"2026-03-21T06:15:14","slug":"vihree-viettelys","status":"publish","type":"product","link":"https:\/\/nicofishing.fi\/?product=vihree-viettelys","title":{"rendered":"Vihree \u201dviettelys\u201d"},"content":{"rendered":"<p>Ahvenen tapsipilkint\u00e4\u00e4n suunniteltu setti.Setti sis\u00e4lt\u00e4\u00e4 6kpl kuvan mukaisia tapsimorreja.Kuulan koko 3.5mm ja koukkuna Kamasan koossa 12.<\/p>\n<p>Limited edition<\/p>\n","protected":false},"excerpt":{"rendered":"<p>Ahvenen tapsipilkint\u00e4\u00e4n suunniteltu setti.Setti sis\u00e4lt\u00e4\u00e4 6kpl kuvan mukaisia tapsimorreja.Kuulan koko 3.5mm ja koukkuna Kamasan koossa 12. Limited edition<\/p>\n","protected":false},"featured_media":1225,"comment_status":"open","ping_status":"closed","template":"","meta":[],"product_brand":[],"product_cat":[18],"product_tag":[],"class_list":{"0":"post-1227","1":"product","2":"type-product","3":"status-publish","4":"has-post-thumbnail","6":"product_cat-nico-morrit","8":"first","9":"instock","10":"taxable","11":"shipping-taxable","12":"purchasable","13":"product-type-simple"},"jetpack-related-posts":[],"jetpack_sharing_enabled":true,"_links":{"self":[{"href":"https:\/\/nicofishing.fi\/index.php?rest_route=\/wp\/v2\/product\/1227","targetHints":{"allow":["GET"]}}],"collection":[{"href":"https:\/\/nicofishing.fi\/index.php?rest_route=\/wp\/v2\/product"}],"about":[{"href":"https:\/\/nicofishing.fi\/index.php?rest_route=\/wp\/v2\/types\/product"}],"replies":[{"embeddable":true,"href":"https:\/\/nicofishing.fi\/index.php?rest_route=%2Fwp%2Fv2%2Fcomments&post=1227"}],"wp:featuredmedia":[{"embeddable":true,"href":"https:\/\/nicofishing.fi\/index.php?rest_route=\/wp\/v2\/media\/1225"}],"wp:attachment":[{"href":"https:\/\/nicofishing.fi\/index.php?rest_route=%2Fwp%2Fv2%2Fmedia&parent=1227"}],"wp:term":[{"taxonomy":"product_brand","embeddable":true,"href":"https:\/\/nicofishing.fi\/index.php?rest_route=%2Fwp%2Fv2%2Fproduct_brand&post=1227"},{"taxonomy":"product_cat","embeddable":true,"href":"https:\/\/nicofishing.fi\/index.php?rest_route=%2Fwp%2Fv2%2Fproduct_cat&post=1227"},{"taxonomy":"product_tag","embeddable":true,"href":"https:\/\/nicofishing.fi\/index.php?rest_route=%2Fwp%2Fv2%2Fproduct_tag&post=1227"}],"curies":[{"name":"wp","href":"https:\/\/api.w.org\/{rel}","templated":true}]}}