{"id":1141,"date":"2024-12-31T16:13:08","date_gmt":"2024-12-31T16:13:08","guid":{"rendered":"https:\/\/nicofishing.fi\/?post_type=product&#038;p=1141"},"modified":"2026-03-15T17:40:41","modified_gmt":"2026-03-15T17:40:41","slug":"nf-led-rontti","status":"publish","type":"product","link":"https:\/\/nicofishing.fi\/?product=nf-led-rontti","title":{"rendered":"NF-LED \u201dRontti\u201d  14\u20ac\/kpl Ja NF-LED \u201d Rontti\u201d setti 4kpl\/50\u20ac"},"content":{"rendered":"<p>Rontti on suunniteltu erityisesti kirjolohen ja raudun pilkint\u00e4\u00e4n(&#8221;kuuluttaa&#8221;sek\u00e4 vilkkuu moniv\u00e4risesti). Rontti toimii mukaan kuuluvalla kolmihaarakoukulla(V\u00c4RI SAATTAA POIKETA KUVASTA), sek\u00e4 l\u00e4tk\u00e4n\u00e4 erityisesti Nico-morrin yl\u00e4puolella varovaisemmalla sy\u00f6nnill\u00e4. Rontin mitat ovat pituus 69mm ja paino kaikkineen noin 8.5g. Led on testattu Suomen ja Ruotsin Lapin kirkkaissa ja puhtaissa vesiss\u00e4 toimivaksi, toiminta-ajan ollessa reilusti yli 120h,led on my\u00f6s helposti vaihdettavissa\/poistettavissa n\u00e4in halutessaan.<\/p>\n","protected":false},"excerpt":{"rendered":"<p>Rontti on suunniteltu erityisesti kirjolohen ja raudun pilkint\u00e4\u00e4n(&#8221;kuuluttaa&#8221;sek\u00e4 vilkkuu moniv\u00e4risesti). Rontti toimii mukaan kuuluvalla kolmihaarakoukulla(V\u00c4RI SAATTAA POIKETA KUVASTA), sek\u00e4 l\u00e4tk\u00e4n\u00e4 erityisesti Nico-morrin yl\u00e4puolella varovaisemmalla sy\u00f6nnill\u00e4. Rontin mitat ovat pituus 69mm ja paino kaikkineen noin 8.5g. Led on testattu Suomen ja Ruotsin Lapin kirkkaissa ja puhtaissa vesiss\u00e4 toimivaksi, toiminta-ajan ollessa reilusti yli 120h,led on my\u00f6s helposti [&hellip;]<\/p>\n","protected":false},"featured_media":1390,"comment_status":"open","ping_status":"closed","template":"","meta":[],"product_brand":[],"product_cat":[18],"product_tag":[],"class_list":{"0":"post-1141","1":"product","2":"type-product","3":"status-publish","4":"has-post-thumbnail","6":"product_cat-nico-morrit","8":"first","9":"instock","10":"taxable","11":"shipping-taxable","12":"purchasable","13":"product-type-variable"},"jetpack-related-posts":[],"jetpack_sharing_enabled":true,"_links":{"self":[{"href":"https:\/\/nicofishing.fi\/index.php?rest_route=\/wp\/v2\/product\/1141","targetHints":{"allow":["GET"]}}],"collection":[{"href":"https:\/\/nicofishing.fi\/index.php?rest_route=\/wp\/v2\/product"}],"about":[{"href":"https:\/\/nicofishing.fi\/index.php?rest_route=\/wp\/v2\/types\/product"}],"replies":[{"embeddable":true,"href":"https:\/\/nicofishing.fi\/index.php?rest_route=%2Fwp%2Fv2%2Fcomments&post=1141"}],"wp:featuredmedia":[{"embeddable":true,"href":"https:\/\/nicofishing.fi\/index.php?rest_route=\/wp\/v2\/media\/1390"}],"wp:attachment":[{"href":"https:\/\/nicofishing.fi\/index.php?rest_route=%2Fwp%2Fv2%2Fmedia&parent=1141"}],"wp:term":[{"taxonomy":"product_brand","embeddable":true,"href":"https:\/\/nicofishing.fi\/index.php?rest_route=%2Fwp%2Fv2%2Fproduct_brand&post=1141"},{"taxonomy":"product_cat","embeddable":true,"href":"https:\/\/nicofishing.fi\/index.php?rest_route=%2Fwp%2Fv2%2Fproduct_cat&post=1141"},{"taxonomy":"product_tag","embeddable":true,"href":"https:\/\/nicofishing.fi\/index.php?rest_route=%2Fwp%2Fv2%2Fproduct_tag&post=1141"}],"curies":[{"name":"wp","href":"https:\/\/api.w.org\/{rel}","templated":true}]}}