{"id":1012,"date":"2024-04-11T19:22:09","date_gmt":"2024-04-11T19:22:09","guid":{"rendered":"https:\/\/nicofishing.fi\/?product=uv-setti"},"modified":"2026-03-22T18:22:43","modified_gmt":"2026-03-22T18:22:43","slug":"uv-setti","status":"publish","type":"product","link":"https:\/\/nicofishing.fi\/?product=uv-setti","title":{"rendered":"UV-setti"},"content":{"rendered":"<p>Uv -setti sis\u00e4lt\u00e4\u00e4 3kpl uv-v\u00e4ritettyj\u00e4 wolfram kuulia 5.5mm koossa,isolla 6 Kamasan koukulla ja herkullisilla m\u00e4tikauluksilla..<\/p>\n","protected":false},"excerpt":{"rendered":"<p>Uv -setti sis\u00e4lt\u00e4\u00e4 3kpl uv-v\u00e4ritettyj\u00e4 wolfram kuulia 5.5mm koossa,isolla 6 Kamasan koukulla ja herkullisilla m\u00e4tikauluksilla..<\/p>\n","protected":false},"featured_media":1011,"comment_status":"open","ping_status":"closed","template":"","meta":[],"product_brand":[],"product_cat":[18],"product_tag":[],"class_list":{"0":"post-1012","1":"product","2":"type-product","3":"status-publish","4":"has-post-thumbnail","6":"product_cat-nico-morrit","8":"first","9":"instock","10":"taxable","11":"shipping-taxable","12":"purchasable","13":"product-type-simple"},"jetpack-related-posts":[],"jetpack_sharing_enabled":true,"_links":{"self":[{"href":"https:\/\/nicofishing.fi\/index.php?rest_route=\/wp\/v2\/product\/1012","targetHints":{"allow":["GET"]}}],"collection":[{"href":"https:\/\/nicofishing.fi\/index.php?rest_route=\/wp\/v2\/product"}],"about":[{"href":"https:\/\/nicofishing.fi\/index.php?rest_route=\/wp\/v2\/types\/product"}],"replies":[{"embeddable":true,"href":"https:\/\/nicofishing.fi\/index.php?rest_route=%2Fwp%2Fv2%2Fcomments&post=1012"}],"wp:featuredmedia":[{"embeddable":true,"href":"https:\/\/nicofishing.fi\/index.php?rest_route=\/wp\/v2\/media\/1011"}],"wp:attachment":[{"href":"https:\/\/nicofishing.fi\/index.php?rest_route=%2Fwp%2Fv2%2Fmedia&parent=1012"}],"wp:term":[{"taxonomy":"product_brand","embeddable":true,"href":"https:\/\/nicofishing.fi\/index.php?rest_route=%2Fwp%2Fv2%2Fproduct_brand&post=1012"},{"taxonomy":"product_cat","embeddable":true,"href":"https:\/\/nicofishing.fi\/index.php?rest_route=%2Fwp%2Fv2%2Fproduct_cat&post=1012"},{"taxonomy":"product_tag","embeddable":true,"href":"https:\/\/nicofishing.fi\/index.php?rest_route=%2Fwp%2Fv2%2Fproduct_tag&post=1012"}],"curies":[{"name":"wp","href":"https:\/\/api.w.org\/{rel}","templated":true}]}}