{"id":3,"date":"2020-12-01T17:56:53","date_gmt":"2020-12-01T17:56:53","guid":{"rendered":"https:\/\/nicofishing.fi\/?page_id=3"},"modified":"2021-01-17T11:12:58","modified_gmt":"2021-01-17T11:12:58","slug":"privacy-policy","status":"publish","type":"page","link":"https:\/\/nicofishing.fi\/?page_id=3","title":{"rendered":"Tietosuoja"},"content":{"rendered":"\n<h2 class=\"wp-block-heading\">Kuka olemme<\/h2>\n\n\n\n<p>Verkkosivumme osoite on: https:\/\/nicofishing.fi.<\/p>\n\n\n\n<h2 class=\"wp-block-heading\">Mit\u00e4 henkil\u00f6tietoja ker\u00e4\u00e4mme ja mihin tarkoitukseen<\/h2>\n\n\n\n<h3 class=\"wp-block-heading\">Kommentit<\/h3>\n\n\n\n<p>Kun vieraat j\u00e4tt\u00e4v\u00e4t kommentteja sivustolle, ker\u00e4\u00e4mme niihin liittyen IP-osoitteita ja k\u00e4ytt\u00e4j\u00e4tietoja auttaaksemme haittaviestien havaitsemisessa.<\/p>\n\n\n\n<h3 class=\"wp-block-heading\">Tilaustiedot<\/h3>\n\n\n\n<p>Tilauksen k\u00e4ytt\u00e4j\u00e4tietoja k\u00e4yt\u00e4mme tilausten toimittamiseen ja markkinointiviesteihin. Tietoja ei luovuteta tai myyd\u00e4 kolmansille osapuolille.<\/p>\n","protected":false},"excerpt":{"rendered":"<p>Kuka olemme Verkkosivumme osoite on: https:\/\/nicofishing.fi. Mit\u00e4 henkil\u00f6tietoja ker\u00e4\u00e4mme ja mihin tarkoitukseen Kommentit Kun vieraat j\u00e4tt\u00e4v\u00e4t kommentteja sivustolle, ker\u00e4\u00e4mme niihin liittyen IP-osoitteita ja k\u00e4ytt\u00e4j\u00e4tietoja auttaaksemme haittaviestien havaitsemisessa. Tilaustiedot Tilauksen k\u00e4ytt\u00e4j\u00e4tietoja k\u00e4yt\u00e4mme tilausten toimittamiseen ja markkinointiviesteihin. Tietoja ei luovuteta tai myyd\u00e4 kolmansille osapuolille.<\/p>\n","protected":false},"author":1,"featured_media":0,"parent":0,"menu_order":0,"comment_status":"closed","ping_status":"open","template":"","meta":{"footnotes":""},"class_list":["post-3","page","type-page","status-publish","hentry"],"jetpack-related-posts":[],"jetpack_sharing_enabled":true,"_links":{"self":[{"href":"https:\/\/nicofishing.fi\/index.php?rest_route=\/wp\/v2\/pages\/3","targetHints":{"allow":["GET"]}}],"collection":[{"href":"https:\/\/nicofishing.fi\/index.php?rest_route=\/wp\/v2\/pages"}],"about":[{"href":"https:\/\/nicofishing.fi\/index.php?rest_route=\/wp\/v2\/types\/page"}],"author":[{"embeddable":true,"href":"https:\/\/nicofishing.fi\/index.php?rest_route=\/wp\/v2\/users\/1"}],"replies":[{"embeddable":true,"href":"https:\/\/nicofishing.fi\/index.php?rest_route=%2Fwp%2Fv2%2Fcomments&post=3"}],"version-history":[{"count":1,"href":"https:\/\/nicofishing.fi\/index.php?rest_route=\/wp\/v2\/pages\/3\/revisions"}],"predecessor-version":[{"id":536,"href":"https:\/\/nicofishing.fi\/index.php?rest_route=\/wp\/v2\/pages\/3\/revisions\/536"}],"wp:attachment":[{"href":"https:\/\/nicofishing.fi\/index.php?rest_route=%2Fwp%2Fv2%2Fmedia&parent=3"}],"curies":[{"name":"wp","href":"https:\/\/api.w.org\/{rel}","templated":true}]}}