{"id":10,"date":"2021-01-11T12:39:52","date_gmt":"2021-01-11T12:39:52","guid":{"rendered":"https:\/\/nicofishing.fi\/?page_id=10"},"modified":"2021-12-09T22:36:03","modified_gmt":"2021-12-09T22:36:03","slug":"nico-fishing","status":"publish","type":"page","link":"https:\/\/nicofishing.fi\/","title":{"rendered":"Nico Fishing"},"content":{"rendered":"\n<p><strong>K\u00c4SINTEHDYT MORMYSKAT&nbsp;<br>NICO-FISHINGILT\u00c4<\/strong><\/p>\n\n\n\n<p>Nico-Fishing valmistaa ja myy k\u00e4sintehtyj\u00e4 kalastuksessa k\u00e4ytett\u00e4vi\u00e4 Nico-morreja eli\u00a0<a href=\"https:\/\/nicofishing.fi\/?page_id=12\" data-type=\"URL\" data-id=\"https:\/\/nicofishing.fi\/?page_id=12\">mormyskoja<\/a>.\u00a0Morreja k\u00e4ytet\u00e4\u00e4n erityisesti talvikalastuksessa ja niit\u00e4 voi k\u00e4ytt\u00e4\u00e4 my\u00f6s kes\u00e4isin mato-onginnassa.\u00a0<\/p>\n\n\n\n<p>Nico-Fishingin valmistamissa mormyskoissa on Volfram-kuula, johon on kiinnitetty Kamasan-koukku. Nico-morreja l\u00f6ytyy eri kokoja (3\u20136.3 mm) sek\u00e4 v\u00e4rivalikoimaa viidentoista v\u00e4rin verran. Mormyskoja voidaan valmistaa my\u00f6s asiakkaan toiveiden mukaisesti isommissa eriss\u00e4.<\/p>\n\n\n\n<figure class=\"wp-block-image size-large\"><img data-recalc-dims=\"1\" loading=\"lazy\" decoding=\"async\" width=\"580\" height=\"703\" src=\"https:\/\/i0.wp.com\/nicofishing.fi\/wp-content\/uploads\/2021\/01\/Nayttokuva-2021-1-17-kello-9.22.01.png?resize=580%2C703&#038;ssl=1\" alt=\"\" class=\"wp-image-524\" srcset=\"https:\/\/i0.wp.com\/nicofishing.fi\/wp-content\/uploads\/2021\/01\/Nayttokuva-2021-1-17-kello-9.22.01.png?w=825&amp;ssl=1 825w, https:\/\/i0.wp.com\/nicofishing.fi\/wp-content\/uploads\/2021\/01\/Nayttokuva-2021-1-17-kello-9.22.01.png?resize=248%2C300&amp;ssl=1 248w, https:\/\/i0.wp.com\/nicofishing.fi\/wp-content\/uploads\/2021\/01\/Nayttokuva-2021-1-17-kello-9.22.01.png?resize=768%2C931&amp;ssl=1 768w, https:\/\/i0.wp.com\/nicofishing.fi\/wp-content\/uploads\/2021\/01\/Nayttokuva-2021-1-17-kello-9.22.01.png?resize=600%2C727&amp;ssl=1 600w\" sizes=\"auto, (max-width: 580px) 100vw, 580px\" \/><\/figure>\n\n\n\n<p><strong>MEIST\u00c4<\/strong><\/p>\n\n\n\n<p>Nico-Fishing-yrityst\u00e4 py\u00f6ritt\u00e4\u00e4\u00a0p\u00e4iv\u00e4ty\u00f6ns\u00e4 ohessa nuori kalastaja Nico Kinnunen, joka aloitti kalastamisen 4-vuotiaana. Voimakas kipin\u00e4 syttyi kalastamiseen Nicon voitettua alle 12-vuotiaiden mormuskoinnin Suomen mestaruuden vuonna 2012. Piirinmestaruuksiakin on Nicolle t\u00e4h\u00e4n menness\u00e4 kertynyt viisi kappaletta: Vuonna 2014, 2015, 2016, 2017 ja 2020. Vuonna 2017 Nico sijoittui SM-pilkeiss\u00e4 P19 -sarjassa nelj\u00e4nneksi. Nico on edustanut Suomen maajoukkueessa vuonna 2018 Ruotsissa sek\u00e4 2019 kisojen ollessa Suomessa. Nico valittiin edustamaan Suomea my\u00f6s Norjaan vuonna 2020, mutta kisoja ei sin\u00e4 vuonna j\u00e4rjestetty, vaan niiden pit\u00e4isi olla vuonna 2022.<\/p>\n\n\n\n<p>Morrien valmistus on alkanut vuonna 2014 ensin vain omaan k\u00e4ytt\u00f6\u00f6n, mutta kysynn\u00e4n kasvaessa Nico p\u00e4\u00e4tti alkaa valmistamaan morreja my\u00f6s myyntiin; ensin pelk\u00e4st\u00e4\u00e4n suoraan asiakkaille, mutta nyt my\u00f6s muutamalla kalastusliikkeell\u00e4 on Nico-morreja myynniss\u00e4. Lue lis\u00e4\u00e4\u00a0<a rel=\"noreferrer noopener\" href=\"https:\/\/nicofishing.fi\/?page_id=12\" target=\"_blank\">Nico-morreista<\/a>.<\/p>\n\n\n\n<p>Meille saa l\u00e4hett\u00e4\u00e4 palautetta sek\u00e4 saaliskertomuksia mielell\u00e4\u00e4n kuvien kera, jotta voimme julkaista kuvia my\u00f6s\u00a0<a rel=\"noreferrer noopener\" href=\"https:\/\/www.facebook.com\/nicomorrit\/\" target=\"_blank\">Facebookissa<\/a>.\u00a0<\/p>\n","protected":false},"excerpt":{"rendered":"<p>K\u00c4SINTEHDYT MORMYSKAT&nbsp;NICO-FISHINGILT\u00c4 Nico-Fishing valmistaa ja myy k\u00e4sintehtyj\u00e4 kalastuksessa k\u00e4ytett\u00e4vi\u00e4 Nico-morreja eli\u00a0mormyskoja.\u00a0Morreja k\u00e4ytet\u00e4\u00e4n erityisesti talvikalastuksessa ja niit\u00e4 voi k\u00e4ytt\u00e4\u00e4 my\u00f6s kes\u00e4isin mato-onginnassa.\u00a0 Nico-Fishingin valmistamissa mormyskoissa on Volfram-kuula, johon on kiinnitetty Kamasan-koukku. Nico-morreja l\u00f6ytyy eri kokoja (3\u20136.3 mm) sek\u00e4 v\u00e4rivalikoimaa viidentoista v\u00e4rin verran. Mormyskoja voidaan valmistaa my\u00f6s asiakkaan toiveiden mukaisesti isommissa eriss\u00e4. MEIST\u00c4 Nico-Fishing-yrityst\u00e4 py\u00f6ritt\u00e4\u00e4\u00a0p\u00e4iv\u00e4ty\u00f6ns\u00e4 ohessa nuori [&hellip;]<\/p>\n","protected":false},"author":1,"featured_media":0,"parent":0,"menu_order":0,"comment_status":"closed","ping_status":"closed","template":"","meta":{"footnotes":""},"class_list":["post-10","page","type-page","status-publish","hentry"],"jetpack-related-posts":[],"jetpack_sharing_enabled":true,"_links":{"self":[{"href":"https:\/\/nicofishing.fi\/index.php?rest_route=\/wp\/v2\/pages\/10","targetHints":{"allow":["GET"]}}],"collection":[{"href":"https:\/\/nicofishing.fi\/index.php?rest_route=\/wp\/v2\/pages"}],"about":[{"href":"https:\/\/nicofishing.fi\/index.php?rest_route=\/wp\/v2\/types\/page"}],"author":[{"embeddable":true,"href":"https:\/\/nicofishing.fi\/index.php?rest_route=\/wp\/v2\/users\/1"}],"replies":[{"embeddable":true,"href":"https:\/\/nicofishing.fi\/index.php?rest_route=%2Fwp%2Fv2%2Fcomments&post=10"}],"version-history":[{"count":7,"href":"https:\/\/nicofishing.fi\/index.php?rest_route=\/wp\/v2\/pages\/10\/revisions"}],"predecessor-version":[{"id":1324,"href":"https:\/\/nicofishing.fi\/index.php?rest_route=\/wp\/v2\/pages\/10\/revisions\/1324"}],"wp:attachment":[{"href":"https:\/\/nicofishing.fi\/index.php?rest_route=%2Fwp%2Fv2%2Fmedia&parent=10"}],"curies":[{"name":"wp","href":"https:\/\/api.w.org\/{rel}","templated":true}]}}